{"id":490,"date":"2019-10-29T02:41:30","date_gmt":"2019-10-29T06:41:30","guid":{"rendered":"https:\/\/bolo.cplepage.com\/media-and-partnership\/"},"modified":"2024-02-12T15:58:58","modified_gmt":"2024-02-12T20:58:58","slug":"medias-et-partenariat","status":"publish","type":"page","link":"https:\/\/boloprogram.org\/fr\/medias-et-partenariat\/","title":{"rendered":"Partenariats &#038; m\u00e9dias"},"content":{"rendered":"\n<h1 class=\"wp-block-heading has-text-align-center\">Demandes de services policiers, partenaires et  m\u00e9dias<\/h1>\n\n\n\n<style>\n.disclosure-wrap{\n    text-align: center;\n    margin-bottom: 24px;\n}\n.disclosure-inner{\n    border: 1px solid rgb(255, 231, 0);\n    color: rgb(255, 231, 0);\n    display: inline-flex;\n    padding: 12px 24px;\n    align-items: center;\n}\n.disclosure-inner p{\n    margin: 0;\n}\n.disclosure-icon{\n    min-width: 36px;\n    padding: 8px;\n    border: 2px solid rgb(238, 39, 55);;\n    height: 36px;\n    border-radius: 50%;\n    margin-right: 12px;\n    color: rgb(238, 39, 55);\n    max-width: 36px;\n    display: flex;\n    align-items: center;\n    justify-content: center;\n}\n.disclosure-icon > svg{\n    height: 100%;\n    width: 100%;\n}\n.disclosure-right{\n    text-align: left;\n}\n.disclosure-title{\n    font-weight: bold;\n}\n<\/style>\n\n<div class=\"disclosure-wrap\">\n    <div class=\"disclosure-inner\">\n        <div class=\"disclosure-icon\">\n            <svg xmlns=\"http:\/\/www.w3.org\/2000\/svg\" viewBox=\"0 0 192 512\">\n                <path\n                    fill=\"currentColor\"\n                    d=\"M176 432c0 44.112-35.888 80-80 80s-80-35.888-80-80 35.888-80 80-80 80 35.888 80 80zM25.26 25.199l13.6 272C39.499 309.972 50.041 320 62.83 320h66.34c12.789 0 23.331-10.028 23.97-22.801l13.6-272C167.425 11.49 156.496 0 142.77 0H49.23C35.504 0 24.575 11.49 25.26 25.199z\"\n                >\n                <\/path>\n            <\/svg>\n        <\/div>\n        <div class=\"disclosure-right\">\n            <div class=\"disclosure-title\">\n                AVIS            <\/div>\n            <div>\n                <p>Ne remplissez pas ce formulaire pour transmettre des renseignements li\u00e9s \u00e0 un dossier. Tous les renseignements fournis ici \u00e0 propos d&rsquo;un dossier ou fugitif seront transmis \u00e0 la police, incluant votre nom et vos coordonn\u00e9es. Veuillez plut\u00f4t vous r\u00e9f\u00e9rer aux descriptifs de dossiers sur notre site Web pour savoir o\u00f9 transmettre votre signalement. Pour soumettre un renseignement sur des dossiers non amplifi\u00e9s par Bolo, veuillez contacter votre service de police local ou \u00c9chec au crime. Si vous \u00eates face \u00e0 une urgence, veuillez appeler le 911.<\/p>\n            <\/div>\n        <\/div>\n    <\/div>\n<\/div>\n\n\n<style>\nform p:not(:nth-child(9)):not(:nth-child(8)):not(:nth-child(10)) {\n display: inline-block;\n width: 49%;\n}\nform p{\nmargin-top:12px;\npadding: 0 6px;\n}\nform input:focus{\ncolor: rgb(255, 231, 0);\nborder-bottom: 2px solid rgb(255, 231, 0);\n}\ninput[type='checkbox'] {\nappearance: auto;\nwidth: auto;\n}\ninput[type='submit']{\nbackground-color: rgb(255, 231, 0);\nborder-radius: 100px;\n    padding: 6px 30px !important;\n    width: 150px;\n    height: 46px;\n    left: 50%;\n    position: relative;\n    transform: translateX(-50%);\n    font-weight: bold;\n    color: black;\n    border: 0!important;\n}\n@media only screen and (max-width: 768px) {\n  form p:not(:nth-child(9)):not(:nth-child(8)):not(:nth-child(10)) {\n display: inline-block;\n width: 100%;\n}\n}\n<\/style>\n\n\n\n\n<div class=\"wpcf7 no-js\" id=\"wpcf7-f488-o1\" lang=\"en-US\" dir=\"ltr\" data-wpcf7-id=\"488\">\n<div class=\"screen-reader-response\"><p role=\"status\" aria-live=\"polite\" aria-atomic=\"true\"><\/p> <ul><\/ul><\/div>\n<form action=\"\/fr\/wp-json\/wp\/v2\/pages\/490#wpcf7-f488-o1\" method=\"post\" class=\"wpcf7-form init\" aria-label=\"Contact form\" novalidate=\"novalidate\" data-status=\"init\">\n<fieldset class=\"hidden-fields-container\"><input type=\"hidden\" name=\"_wpcf7\" value=\"488\" \/><input type=\"hidden\" name=\"_wpcf7_version\" value=\"6.1.5\" \/><input type=\"hidden\" name=\"_wpcf7_locale\" value=\"en_US\" \/><input type=\"hidden\" name=\"_wpcf7_unit_tag\" value=\"wpcf7-f488-o1\" \/><input type=\"hidden\" name=\"_wpcf7_container_post\" value=\"0\" \/><input type=\"hidden\" name=\"_wpcf7_posted_data_hash\" value=\"\" \/><input type=\"hidden\" name=\"_wpcf7_recaptcha_response\" value=\"\" \/>\n<\/fieldset>\n<p><label> Pr\u00e9nom*<br \/>\n<span class=\"wpcf7-form-control-wrap\" data-name=\"firstName\"><input size=\"40\" maxlength=\"400\" class=\"wpcf7-form-control wpcf7-text wpcf7-validates-as-required\" aria-required=\"true\" aria-invalid=\"false\" value=\"\" type=\"text\" name=\"firstName\" \/><\/span> <\/label>\n<\/p>\n<p><label> Nom*<br \/>\n<span class=\"wpcf7-form-control-wrap\" data-name=\"lastName\"><input size=\"40\" maxlength=\"400\" class=\"wpcf7-form-control wpcf7-text wpcf7-validates-as-required\" aria-required=\"true\" aria-invalid=\"false\" value=\"\" type=\"text\" name=\"lastName\" \/><\/span> <\/label>\n<\/p>\n<p><label> Organisation<br \/>\n<span class=\"wpcf7-form-control-wrap\" data-name=\"organisation\"><input size=\"40\" maxlength=\"400\" class=\"wpcf7-form-control wpcf7-text\" aria-invalid=\"false\" value=\"\" type=\"text\" name=\"organisation\" \/><\/span> <\/label>\n<\/p>\n<p><label> Fonction<br \/>\n<span class=\"wpcf7-form-control-wrap\" data-name=\"position\"><input size=\"40\" maxlength=\"400\" class=\"wpcf7-form-control wpcf7-text\" aria-invalid=\"false\" value=\"\" type=\"text\" name=\"position\" \/><\/span> <\/label>\n<\/p>\n<p><label> Num\u00e9ro de t\u00e9l\u00e9phone<br \/>\n<span class=\"wpcf7-form-control-wrap\" data-name=\"phone\"><input size=\"40\" maxlength=\"400\" class=\"wpcf7-form-control wpcf7-tel wpcf7-text wpcf7-validates-as-tel\" aria-invalid=\"false\" value=\"\" type=\"tel\" name=\"phone\" \/><\/span> <\/label>\n<\/p>\n<p><label> Courriel*<br \/>\n<span class=\"wpcf7-form-control-wrap\" data-name=\"email\"><input size=\"40\" maxlength=\"400\" class=\"wpcf7-form-control wpcf7-email wpcf7-validates-as-required wpcf7-text wpcf7-validates-as-email\" aria-required=\"true\" aria-invalid=\"false\" value=\"\" type=\"email\" name=\"email\" \/><\/span> <\/label>\n<\/p>\n<p><label> Sujet*<br \/>\n<span class=\"wpcf7-form-control-wrap\" data-name=\"subject\"><input size=\"40\" maxlength=\"400\" class=\"wpcf7-form-control wpcf7-text wpcf7-validates-as-required\" aria-required=\"true\" aria-invalid=\"false\" value=\"\" type=\"text\" name=\"subject\" \/><\/span> <\/label>\n<\/p>\n<p><label> Votre message*<br \/>\n<span class=\"wpcf7-form-control-wrap\" data-name=\"message\"><textarea cols=\"40\" rows=\"10\" maxlength=\"2000\" class=\"wpcf7-form-control wpcf7-textarea wpcf7-validates-as-required\" aria-required=\"true\" aria-invalid=\"false\" name=\"message\"><\/textarea><\/span> <\/label>\n<\/p>\n<p><span class=\"wpcf7-form-control-wrap\" data-name=\"consent\"><span class=\"wpcf7-form-control wpcf7-checkbox wpcf7-validates-as-required\"><span class=\"wpcf7-list-item first last\"><label><input type=\"checkbox\" name=\"consent[]\" value=\"Je consens au contr\u00f4le et traitement de toute information dans le cadre de l\u2019Avis de confidentialit\u00e9 de ce site Web.\" \/><span class=\"wpcf7-list-item-label\">Je consens au contr\u00f4le et traitement de toute information dans le cadre de l\u2019Avis de confidentialit\u00e9 de ce site Web.<\/span><\/label><\/span><\/span><\/span>\n<\/p>\n<p><input class=\"wpcf7-form-control wpcf7-submit has-spinner\" type=\"submit\" value=\"Envoyer\" \/>\n<\/p><p style=\"display: none !important;\" class=\"akismet-fields-container\" data-prefix=\"_wpcf7_ak_\"><label>&#916;<textarea name=\"_wpcf7_ak_hp_textarea\" cols=\"45\" rows=\"8\" maxlength=\"100\"><\/textarea><\/label><input type=\"hidden\" id=\"ak_js_1\" name=\"_wpcf7_ak_js\" value=\"225\"\/><script>document.getElementById( \"ak_js_1\" ).setAttribute( \"value\", ( new Date() ).getTime() );<\/script><\/p><div class=\"wpcf7-response-output\" aria-hidden=\"true\"><\/div>\n<\/form>\n<\/div>\n\n","protected":false},"excerpt":{"rendered":"<p>Demandes de services policiers, partenaires et m\u00e9dias<\/p>\n","protected":false},"author":3,"featured_media":0,"parent":0,"menu_order":0,"comment_status":"closed","ping_status":"closed","template":"page-narrow.php","meta":{"_acf_changed":false,"footnotes":""},"class_list":["post-490","page","type-page","status-publish","hentry"],"acf":[],"yoast_head":"<!-- This site is optimized with the Yoast SEO Premium plugin v26.1 (Yoast SEO v27.2) - https:\/\/yoast.com\/product\/yoast-seo-premium-wordpress\/ -->\n<title>Partenariats &amp; m\u00e9dias - Programme Bolo<\/title>\n<meta name=\"robots\" content=\"index, follow, max-snippet:-1, max-image-preview:large, max-video-preview:-1\" \/>\n<link rel=\"canonical\" href=\"https:\/\/boloprogram.org\/fr\/medias-et-partenariat\/\" \/>\n<meta property=\"og:locale\" content=\"fr_FR\" \/>\n<meta property=\"og:type\" content=\"article\" \/>\n<meta property=\"og:title\" content=\"Partenariats &amp; m\u00e9dias\" \/>\n<meta property=\"og:description\" content=\"Demandes de services policiers, partenaires et m\u00e9dias\" \/>\n<meta property=\"og:url\" content=\"https:\/\/boloprogram.org\/fr\/medias-et-partenariat\/\" \/>\n<meta property=\"og:site_name\" content=\"Bolo Program\" \/>\n<meta property=\"article:publisher\" content=\"https:\/\/www.facebook.com\/Boloprogram\/\" \/>\n<meta property=\"article:modified_time\" content=\"2024-02-12T20:58:58+00:00\" \/>\n<meta name=\"twitter:card\" content=\"summary_large_image\" \/>\n<meta name=\"twitter:site\" content=\"@boloprogram\" \/>\n<script type=\"application\/ld+json\" class=\"yoast-schema-graph\">{\"@context\":\"https:\/\/schema.org\",\"@graph\":[{\"@type\":\"WebPage\",\"@id\":\"https:\/\/boloprogram.org\/fr\/medias-et-partenariat\/\",\"url\":\"https:\/\/boloprogram.org\/fr\/medias-et-partenariat\/\",\"name\":\"Partenariats & m\u00e9dias - Programme Bolo\",\"isPartOf\":{\"@id\":\"https:\/\/www.boloprogram.org\/#website\"},\"datePublished\":\"2019-10-29T06:41:30+00:00\",\"dateModified\":\"2024-02-12T20:58:58+00:00\",\"breadcrumb\":{\"@id\":\"https:\/\/boloprogram.org\/fr\/medias-et-partenariat\/#breadcrumb\"},\"inLanguage\":\"fr-FR\",\"potentialAction\":[{\"@type\":\"ReadAction\",\"target\":[\"https:\/\/boloprogram.org\/fr\/medias-et-partenariat\/\"]}]},{\"@type\":\"BreadcrumbList\",\"@id\":\"https:\/\/boloprogram.org\/fr\/medias-et-partenariat\/#breadcrumb\",\"itemListElement\":[{\"@type\":\"ListItem\",\"position\":1,\"name\":\"Home\",\"item\":\"https:\/\/www.boloprogram.org\/fr\/\"},{\"@type\":\"ListItem\",\"position\":2,\"name\":\"Partenariats &#038; m\u00e9dias\"}]},{\"@type\":\"WebSite\",\"@id\":\"https:\/\/www.boloprogram.org\/#website\",\"url\":\"https:\/\/www.boloprogram.org\/\",\"name\":\"Bolo Program\",\"description\":\"Finding Canada&#039;s Most Wanted\",\"publisher\":{\"@id\":\"https:\/\/www.boloprogram.org\/#organization\"},\"potentialAction\":[{\"@type\":\"SearchAction\",\"target\":{\"@type\":\"EntryPoint\",\"urlTemplate\":\"https:\/\/www.boloprogram.org\/?s={search_term_string}\"},\"query-input\":{\"@type\":\"PropertyValueSpecification\",\"valueRequired\":true,\"valueName\":\"search_term_string\"}}],\"inLanguage\":\"fr-FR\"},{\"@type\":\"Organization\",\"@id\":\"https:\/\/www.boloprogram.org\/#organization\",\"name\":\"Bolo Program\",\"url\":\"https:\/\/www.boloprogram.org\/\",\"logo\":{\"@type\":\"ImageObject\",\"inLanguage\":\"fr-FR\",\"@id\":\"https:\/\/www.boloprogram.org\/#\/schema\/logo\/image\/\",\"url\":\"https:\/\/www.boloprogram.org\/wp-content\/uploads\/2020\/05\/logo_fr.png\",\"contentUrl\":\"https:\/\/www.boloprogram.org\/wp-content\/uploads\/2020\/05\/logo_fr.png\",\"width\":627,\"height\":162,\"caption\":\"Bolo Program\"},\"image\":{\"@id\":\"https:\/\/www.boloprogram.org\/#\/schema\/logo\/image\/\"},\"sameAs\":[\"https:\/\/www.facebook.com\/Boloprogram\/\",\"https:\/\/x.com\/boloprogram\"]}]}<\/script>\n<!-- \/ Yoast SEO Premium plugin. -->","yoast_head_json":{"title":"Partenariats & m\u00e9dias - Programme Bolo","robots":{"index":"index","follow":"follow","max-snippet":"max-snippet:-1","max-image-preview":"max-image-preview:large","max-video-preview":"max-video-preview:-1"},"canonical":"https:\/\/boloprogram.org\/fr\/medias-et-partenariat\/","og_locale":"fr_FR","og_type":"article","og_title":"Partenariats & m\u00e9dias","og_description":"Demandes de services policiers, partenaires et m\u00e9dias","og_url":"https:\/\/boloprogram.org\/fr\/medias-et-partenariat\/","og_site_name":"Bolo Program","article_publisher":"https:\/\/www.facebook.com\/Boloprogram\/","article_modified_time":"2024-02-12T20:58:58+00:00","twitter_card":"summary_large_image","twitter_site":"@boloprogram","schema":{"@context":"https:\/\/schema.org","@graph":[{"@type":"WebPage","@id":"https:\/\/boloprogram.org\/fr\/medias-et-partenariat\/","url":"https:\/\/boloprogram.org\/fr\/medias-et-partenariat\/","name":"Partenariats & m\u00e9dias - Programme Bolo","isPartOf":{"@id":"https:\/\/www.boloprogram.org\/#website"},"datePublished":"2019-10-29T06:41:30+00:00","dateModified":"2024-02-12T20:58:58+00:00","breadcrumb":{"@id":"https:\/\/boloprogram.org\/fr\/medias-et-partenariat\/#breadcrumb"},"inLanguage":"fr-FR","potentialAction":[{"@type":"ReadAction","target":["https:\/\/boloprogram.org\/fr\/medias-et-partenariat\/"]}]},{"@type":"BreadcrumbList","@id":"https:\/\/boloprogram.org\/fr\/medias-et-partenariat\/#breadcrumb","itemListElement":[{"@type":"ListItem","position":1,"name":"Home","item":"https:\/\/www.boloprogram.org\/fr\/"},{"@type":"ListItem","position":2,"name":"Partenariats &#038; m\u00e9dias"}]},{"@type":"WebSite","@id":"https:\/\/www.boloprogram.org\/#website","url":"https:\/\/www.boloprogram.org\/","name":"Bolo Program","description":"Finding Canada&#039;s Most Wanted","publisher":{"@id":"https:\/\/www.boloprogram.org\/#organization"},"potentialAction":[{"@type":"SearchAction","target":{"@type":"EntryPoint","urlTemplate":"https:\/\/www.boloprogram.org\/?s={search_term_string}"},"query-input":{"@type":"PropertyValueSpecification","valueRequired":true,"valueName":"search_term_string"}}],"inLanguage":"fr-FR"},{"@type":"Organization","@id":"https:\/\/www.boloprogram.org\/#organization","name":"Bolo Program","url":"https:\/\/www.boloprogram.org\/","logo":{"@type":"ImageObject","inLanguage":"fr-FR","@id":"https:\/\/www.boloprogram.org\/#\/schema\/logo\/image\/","url":"https:\/\/www.boloprogram.org\/wp-content\/uploads\/2020\/05\/logo_fr.png","contentUrl":"https:\/\/www.boloprogram.org\/wp-content\/uploads\/2020\/05\/logo_fr.png","width":627,"height":162,"caption":"Bolo Program"},"image":{"@id":"https:\/\/www.boloprogram.org\/#\/schema\/logo\/image\/"},"sameAs":["https:\/\/www.facebook.com\/Boloprogram\/","https:\/\/x.com\/boloprogram"]}]}},"_links":{"self":[{"href":"https:\/\/boloprogram.org\/fr\/wp-json\/wp\/v2\/pages\/490","targetHints":{"allow":["GET"]}}],"collection":[{"href":"https:\/\/boloprogram.org\/fr\/wp-json\/wp\/v2\/pages"}],"about":[{"href":"https:\/\/boloprogram.org\/fr\/wp-json\/wp\/v2\/types\/page"}],"author":[{"embeddable":true,"href":"https:\/\/boloprogram.org\/fr\/wp-json\/wp\/v2\/users\/3"}],"replies":[{"embeddable":true,"href":"https:\/\/boloprogram.org\/fr\/wp-json\/wp\/v2\/comments?post=490"}],"version-history":[{"count":19,"href":"https:\/\/boloprogram.org\/fr\/wp-json\/wp\/v2\/pages\/490\/revisions"}],"predecessor-version":[{"id":5657,"href":"https:\/\/boloprogram.org\/fr\/wp-json\/wp\/v2\/pages\/490\/revisions\/5657"}],"wp:attachment":[{"href":"https:\/\/boloprogram.org\/fr\/wp-json\/wp\/v2\/media?parent=490"}],"curies":[{"name":"wp","href":"https:\/\/api.w.org\/{rel}","templated":true}]}}