{"id":242,"date":"2019-11-17T23:07:13","date_gmt":"2019-11-18T04:07:13","guid":{"rendered":"https:\/\/bolo.cplepage.com\/?page_id=242"},"modified":"2022-10-11T10:10:49","modified_gmt":"2022-10-11T14:10:49","slug":"suspects-arretes","status":"publish","type":"page","link":"https:\/\/boloprogram.org\/fr\/suspects-arretes\/","title":{"rendered":"Suspects arr\u00eat\u00e9s"},"content":{"rendered":"\n<h1 class=\"has-text-align-center wp-block-heading\">Suspects arr\u00eat\u00e9s<\/h1>\n\n\n\n<p class=\"has-text-align-center\">Les suspects ci-dessous ont \u00e9t\u00e9 couverts par le Programme Bolo et ont \u00e9t\u00e9 appr\u00e9hend\u00e9s par les autorit\u00e9s.<\/p>\n\n\n","protected":false},"excerpt":{"rendered":"<p>Suspects arr\u00eat\u00e9s Les suspects ci-dessous ont \u00e9t\u00e9 couverts par le Programme Bolo et ont \u00e9t\u00e9 appr\u00e9hend\u00e9s par les autorit\u00e9s.<\/p>\n","protected":false},"author":1,"featured_media":0,"parent":0,"menu_order":0,"comment_status":"closed","ping_status":"closed","template":"","meta":{"_acf_changed":false,"footnotes":""},"class_list":["post-242","page","type-page","status-publish","hentry"],"acf":[],"yoast_head":"<!-- This site is optimized with the Yoast SEO Premium plugin v26.1 (Yoast SEO v27.2) - https:\/\/yoast.com\/product\/yoast-seo-premium-wordpress\/ -->\n<title>Suspects arr\u00eat\u00e9s - Programme Bolo<\/title>\n<meta name=\"robots\" content=\"index, follow, max-snippet:-1, max-image-preview:large, max-video-preview:-1\" \/>\n<link rel=\"canonical\" href=\"https:\/\/www.programmebolo.org\/fr\/suspects-arretes\/\" \/>\n<meta property=\"og:locale\" content=\"fr_FR\" \/>\n<meta property=\"og:type\" content=\"article\" \/>\n<meta property=\"og:title\" content=\"Suspects arr\u00eat\u00e9s\" \/>\n<meta property=\"og:description\" content=\"Suspects arr\u00eat\u00e9s Les suspects ci-dessous ont \u00e9t\u00e9 couverts par le Programme Bolo et ont \u00e9t\u00e9 appr\u00e9hend\u00e9s par les autorit\u00e9s.\" \/>\n<meta property=\"og:url\" content=\"https:\/\/www.programmebolo.org\/fr\/suspects-arretes\/\" \/>\n<meta property=\"og:site_name\" content=\"Bolo Program\" \/>\n<meta property=\"article:publisher\" content=\"https:\/\/www.facebook.com\/Boloprogram\/\" \/>\n<meta property=\"article:modified_time\" content=\"2022-10-11T14:10:49+00:00\" \/>\n<meta name=\"twitter:card\" content=\"summary_large_image\" \/>\n<meta name=\"twitter:site\" content=\"@boloprogram\" \/>\n<script type=\"application\/ld+json\" class=\"yoast-schema-graph\">{\"@context\":\"https:\/\/schema.org\",\"@graph\":[{\"@type\":\"WebPage\",\"@id\":\"https:\/\/www.programmebolo.org\/fr\/suspects-arretes\/\",\"url\":\"https:\/\/www.programmebolo.org\/fr\/suspects-arretes\/\",\"name\":\"Suspects arr\u00eat\u00e9s - Programme Bolo\",\"isPartOf\":{\"@id\":\"https:\/\/www.boloprogram.org\/#website\"},\"datePublished\":\"2019-11-18T04:07:13+00:00\",\"dateModified\":\"2022-10-11T14:10:49+00:00\",\"breadcrumb\":{\"@id\":\"https:\/\/www.programmebolo.org\/fr\/suspects-arretes\/#breadcrumb\"},\"inLanguage\":\"fr-FR\",\"potentialAction\":[{\"@type\":\"ReadAction\",\"target\":[\"https:\/\/www.programmebolo.org\/fr\/suspects-arretes\/\"]}]},{\"@type\":\"BreadcrumbList\",\"@id\":\"https:\/\/www.programmebolo.org\/fr\/suspects-arretes\/#breadcrumb\",\"itemListElement\":[{\"@type\":\"ListItem\",\"position\":1,\"name\":\"Home\",\"item\":\"https:\/\/programmebolo.org\/fr\/\"},{\"@type\":\"ListItem\",\"position\":2,\"name\":\"Suspects arr\u00eat\u00e9s\"}]},{\"@type\":\"WebSite\",\"@id\":\"https:\/\/www.boloprogram.org\/#website\",\"url\":\"https:\/\/www.boloprogram.org\/\",\"name\":\"Bolo Program\",\"description\":\"Finding Canada&#039;s Most Wanted\",\"publisher\":{\"@id\":\"https:\/\/www.boloprogram.org\/#organization\"},\"potentialAction\":[{\"@type\":\"SearchAction\",\"target\":{\"@type\":\"EntryPoint\",\"urlTemplate\":\"https:\/\/www.boloprogram.org\/?s={search_term_string}\"},\"query-input\":{\"@type\":\"PropertyValueSpecification\",\"valueRequired\":true,\"valueName\":\"search_term_string\"}}],\"inLanguage\":\"fr-FR\"},{\"@type\":\"Organization\",\"@id\":\"https:\/\/www.boloprogram.org\/#organization\",\"name\":\"Bolo Program\",\"url\":\"https:\/\/www.boloprogram.org\/\",\"logo\":{\"@type\":\"ImageObject\",\"inLanguage\":\"fr-FR\",\"@id\":\"https:\/\/www.boloprogram.org\/#\/schema\/logo\/image\/\",\"url\":\"https:\/\/www.boloprogram.org\/wp-content\/uploads\/2020\/05\/logo_fr.png\",\"contentUrl\":\"https:\/\/www.boloprogram.org\/wp-content\/uploads\/2020\/05\/logo_fr.png\",\"width\":627,\"height\":162,\"caption\":\"Bolo Program\"},\"image\":{\"@id\":\"https:\/\/www.boloprogram.org\/#\/schema\/logo\/image\/\"},\"sameAs\":[\"https:\/\/www.facebook.com\/Boloprogram\/\",\"https:\/\/x.com\/boloprogram\"]}]}<\/script>\n<!-- \/ Yoast SEO Premium plugin. -->","yoast_head_json":{"title":"Suspects arr\u00eat\u00e9s - Programme Bolo","robots":{"index":"index","follow":"follow","max-snippet":"max-snippet:-1","max-image-preview":"max-image-preview:large","max-video-preview":"max-video-preview:-1"},"canonical":"https:\/\/www.programmebolo.org\/fr\/suspects-arretes\/","og_locale":"fr_FR","og_type":"article","og_title":"Suspects arr\u00eat\u00e9s","og_description":"Suspects arr\u00eat\u00e9s Les suspects ci-dessous ont \u00e9t\u00e9 couverts par le Programme Bolo et ont \u00e9t\u00e9 appr\u00e9hend\u00e9s par les autorit\u00e9s.","og_url":"https:\/\/www.programmebolo.org\/fr\/suspects-arretes\/","og_site_name":"Bolo Program","article_publisher":"https:\/\/www.facebook.com\/Boloprogram\/","article_modified_time":"2022-10-11T14:10:49+00:00","twitter_card":"summary_large_image","twitter_site":"@boloprogram","schema":{"@context":"https:\/\/schema.org","@graph":[{"@type":"WebPage","@id":"https:\/\/www.programmebolo.org\/fr\/suspects-arretes\/","url":"https:\/\/www.programmebolo.org\/fr\/suspects-arretes\/","name":"Suspects arr\u00eat\u00e9s - Programme Bolo","isPartOf":{"@id":"https:\/\/www.boloprogram.org\/#website"},"datePublished":"2019-11-18T04:07:13+00:00","dateModified":"2022-10-11T14:10:49+00:00","breadcrumb":{"@id":"https:\/\/www.programmebolo.org\/fr\/suspects-arretes\/#breadcrumb"},"inLanguage":"fr-FR","potentialAction":[{"@type":"ReadAction","target":["https:\/\/www.programmebolo.org\/fr\/suspects-arretes\/"]}]},{"@type":"BreadcrumbList","@id":"https:\/\/www.programmebolo.org\/fr\/suspects-arretes\/#breadcrumb","itemListElement":[{"@type":"ListItem","position":1,"name":"Home","item":"https:\/\/programmebolo.org\/fr\/"},{"@type":"ListItem","position":2,"name":"Suspects arr\u00eat\u00e9s"}]},{"@type":"WebSite","@id":"https:\/\/www.boloprogram.org\/#website","url":"https:\/\/www.boloprogram.org\/","name":"Bolo Program","description":"Finding Canada&#039;s Most Wanted","publisher":{"@id":"https:\/\/www.boloprogram.org\/#organization"},"potentialAction":[{"@type":"SearchAction","target":{"@type":"EntryPoint","urlTemplate":"https:\/\/www.boloprogram.org\/?s={search_term_string}"},"query-input":{"@type":"PropertyValueSpecification","valueRequired":true,"valueName":"search_term_string"}}],"inLanguage":"fr-FR"},{"@type":"Organization","@id":"https:\/\/www.boloprogram.org\/#organization","name":"Bolo Program","url":"https:\/\/www.boloprogram.org\/","logo":{"@type":"ImageObject","inLanguage":"fr-FR","@id":"https:\/\/www.boloprogram.org\/#\/schema\/logo\/image\/","url":"https:\/\/www.boloprogram.org\/wp-content\/uploads\/2020\/05\/logo_fr.png","contentUrl":"https:\/\/www.boloprogram.org\/wp-content\/uploads\/2020\/05\/logo_fr.png","width":627,"height":162,"caption":"Bolo Program"},"image":{"@id":"https:\/\/www.boloprogram.org\/#\/schema\/logo\/image\/"},"sameAs":["https:\/\/www.facebook.com\/Boloprogram\/","https:\/\/x.com\/boloprogram"]}]}},"_links":{"self":[{"href":"https:\/\/boloprogram.org\/fr\/wp-json\/wp\/v2\/pages\/242","targetHints":{"allow":["GET"]}}],"collection":[{"href":"https:\/\/boloprogram.org\/fr\/wp-json\/wp\/v2\/pages"}],"about":[{"href":"https:\/\/boloprogram.org\/fr\/wp-json\/wp\/v2\/types\/page"}],"author":[{"embeddable":true,"href":"https:\/\/boloprogram.org\/fr\/wp-json\/wp\/v2\/users\/1"}],"replies":[{"embeddable":true,"href":"https:\/\/boloprogram.org\/fr\/wp-json\/wp\/v2\/comments?post=242"}],"version-history":[{"count":18,"href":"https:\/\/boloprogram.org\/fr\/wp-json\/wp\/v2\/pages\/242\/revisions"}],"predecessor-version":[{"id":4252,"href":"https:\/\/boloprogram.org\/fr\/wp-json\/wp\/v2\/pages\/242\/revisions\/4252"}],"wp:attachment":[{"href":"https:\/\/boloprogram.org\/fr\/wp-json\/wp\/v2\/media?parent=242"}],"curies":[{"name":"wp","href":"https:\/\/api.w.org\/{rel}","templated":true}]}}