{"id":240,"date":"2019-11-17T23:06:45","date_gmt":"2019-11-18T04:06:45","guid":{"rendered":"https:\/\/bolo.cplepage.com\/?page_id=240"},"modified":"2025-11-11T14:54:28","modified_gmt":"2025-11-11T19:54:28","slug":"notre-role","status":"publish","type":"page","link":"https:\/\/boloprogram.org\/fr\/notre-role\/","title":{"rendered":"Notre r\u00f4le"},"content":{"rendered":"\n<h1 class=\"wp-block-heading has-text-align-center\" id=\"h-notre-role\">Notre r\u00f4le<\/h1>\n\n\n\n<style>\nh2, h3{\nborder-bottom: 2px solid rgb(255, 231, 0);\npadding-bottom: 2px;\n}\n.centered{\njustify-content:center;\n}\n.center-img{\n    margin-left: auto!important;\n    margin-right: auto!important;\n}\n<\/style>\n\n\n\n<p class=\"has-text-align-left\">Le Programme Bolo est une initiative sans pr\u00e9c\u00e9dent qui tire parti des r\u00e9seaux sociaux, de la technologie et de nouveaux types d\u2019engagement pour encourager les citoyens comme vous \u00e0 garder l\u2019\u0153il ouvert pour les suspects les plus recherch\u00e9s au Canada.<\/p>\n\n\n\n<div class=\"wp-block-columns is-layout-flex wp-container-core-columns-is-layout-9d6595d7 wp-block-columns-is-layout-flex\">\n<div class=\"wp-block-column is-layout-flow wp-block-column-is-layout-flow\"><\/div>\n\n\n\n<div class=\"wp-block-column is-layout-flow wp-block-column-is-layout-flow\"><\/div>\n<\/div>\n\n\n\n<div style=\"width: 100%;\">\n<iframe loading=\"lazy\" width=\"100%\" height=\"450px\" src=\"https:\/\/www.youtube.com\/embed\/GsTzCRI2n1U\" frameborder=\"0\" allow=\"accelerometer; autoplay; encrypted-media; gyroscope; picture-in-picture\" allowfullscreen=\"\"><\/iframe>\n<\/div>\n\n\n\n<div class=\"wp-block-columns centered is-layout-flex wp-container-core-columns-is-layout-9d6595d7 wp-block-columns-is-layout-flex\">\n<div class=\"wp-block-column is-layout-flow wp-block-column-is-layout-flow\" style=\"flex-basis:33.33%\"><\/div>\n\n\n\n<div class=\"wp-block-column is-layout-flow wp-block-column-is-layout-flow\" style=\"flex-basis:66.66%\"><\/div>\n<\/div>\n\n\n\n<h3 class=\"wp-block-heading\" id=\"h-l-enjeu\">L&rsquo;enjeu<\/h3>\n\n\n\n<p>\u00c0 tout moment, des dizaines de milliers de mandats d\u2019arrestation sont en vigueur au Canada. Bien que la grande majorit\u00e9 de ces mandats concernent des d\u00e9lits mineurs, des centaines d\u2019entre eux portent sur des crimes majeurs, tels que des meurtres, des agressions sexuelles et des crimes contre les enfants. Les services policiers demandent toujours l\u2019aide du public pour ces avis de recherche prioritaires et comptent sur les signalements fournis par le public pour les aider \u00e0 appr\u00e9hender ces suspects dangereux. Mais trop souvent, ces demandes ne rejoignent tout simplement pas assez de citoyens. Vous souvenez-vous de la derni\u00e8re fois o\u00f9 vous avez vu un avis de recherche prioritaire?&nbsp;<\/p>\n\n\n\n<h3 class=\"wp-block-heading\" id=\"h-le-programme-bolo\">Le Programme Bolo<\/h3>\n\n\n\n<p>Les nouvelles technologies et nouveaux canaux de communication r\u00e9volutionnent tout, de la politique au commerce. L\u2019objectif principal du Programme Bolo est de les utiliser pour soutenir les services de police dans leurs efforts de communication au sujet des fugitifs les plus recherch\u00e9s au Canada, et cela afin que des gens comme vous puissent garder les yeux ouverts pour aider \u00e0 les localiser.<\/p>\n\n\n\n<h4 class=\"wp-block-heading\" id=\"h-nos-objectifs\">Nos objectifs<\/h4>\n\n\n\n<p>Nous voulons rendre nos communaut\u00e9s plus s\u00fbres en vous encourageant \u00e0 \u00eatre garder l\u2019\u0153il ouvert. Ensemble, nous pouvons faire plus afin de:<\/p>\n\n\n\n<ul class=\"wp-block-list\">\n<li>contribuer aux efforts de la police pour r\u00e9soudre des crimes majeurs<\/li>\n\n\n\n<li>s\u2019assurer que de dangereux fugitifs soient traduits en justice<\/li>\n\n\n\n<li>permettre aux victimes d\u2019actes criminels de tourner la page<\/li>\n\n\n\n<li>augmenter la participation du public \u00e0 la s\u00e9curit\u00e9 publique<\/li>\n<\/ul>\n\n\n\n<h4 class=\"wp-block-heading\" id=\"h-notre-nom\">Notre nom<\/h4>\n\n\n\n<p>En anglais, l\u2019acronyme \u00ab\u2009Bolo\u2009\u00bb signifie \u00ab&nbsp;Be On The Lookout&nbsp;\u00bb, c\u2019est-\u00e0-dire \u00eatre aux aguets, garder l\u2019\u0153il ouvert. Le terme Bolo est commun\u00e9ment utilis\u00e9 dans le monde des forces de l\u2019ordre pour d\u00e9signer un individu activement recherch\u00e9. Un nom parfait pour notre programme!<\/p>\n\n\n\n<h4 class=\"wp-block-heading\" id=\"h-notre-approche\">Notre approche<\/h4>\n\n\n\n<p>Nous ne sommes pas la police. Nous ne sommes pas \u00c9chec au crime. Nous sommes le Programme Bolo\u2009!<\/p>\n\n\n\n<p>Via notre Top 25 des fugitifs les plus recherch\u00e9s au Canada, nous amplifions des avis de recherche prioritaires pour lesquels les services policiers ont d\u00e9j\u00e0 demand\u00e9 l\u2019aide du public. En collaboration avec les services de police, nous lan\u00e7ons des campagnes d\u2019amplification pour permettre \u00e0 ces avis de rejoindre un plus large public, en utilisant diff\u00e9rentes plateformes sur des p\u00e9riodes de temps prolong\u00e9es. De surcroit, nous offrons souvent d\u2019importantes r\u00e9compenses financi\u00e8res pour inciter les citoyens \u00e0 redoubler de vigilance et \u00e0 effectuer des signalements aux autorit\u00e9s. Bref, nous vous rejoignons au bon moment, au bon endroit, et en utilisant les bons moyens pour vous encourager \u00e0 garder l\u2019\u0153il ouvert.<\/p>\n\n\n\n<p>Nos activit\u00e9s sont 100&nbsp;% gratuites&nbsp;; elles ne co\u00fbtent pas un sou aux contribuables et aux services policiers canadiens. Nous n\u2019interf\u00e9rons jamais avec les activit\u00e9s et les enqu\u00eates des policiers&nbsp;; nous travaillons plut\u00f4t en \u00e9troite collaboration avec eux pour d\u00e9velopper et d\u00e9ployer nos campagnes d\u2019amplification. Et nous ne recueillons pas de signalements&nbsp;; nous vous encourageons plut\u00f4t \u00e0 transmettre tout signalement aux autorit\u00e9s.<\/p>\n\n\n\n<h3 class=\"wp-block-heading\" id=\"h-nos-partenaires\">Nos partenaires<\/h3>\n\n\n\n<p>Depuis notre lancement en 2018, nous avons activement coop\u00e9r\u00e9 avec les services de police et les programmes \u00c9chec au crime canadiens suivants:<\/p>\n\n\n\n<ul class=\"wp-block-list\">\n<li><a style=\"color: rgb(255, 231, 0);\" href=\"https:\/\/www.rcmp-grc.gc.ca\/fr\/ns\/accueil\">Gendarmerie royale du Canada &#8211; Division H<\/a><\/li>\n\n\n\n<li><a style=\"color: rgb(255, 231, 0);\" href=\"https:\/\/www.ville.quebec.qc.ca\/citoyens\/police\/index.aspx\" data-type=\"URL\" data-id=\"https:\/\/www.ville.quebec.qc.ca\/citoyens\/police\/index.aspx\" target=\"_blank\" rel=\"noreferrer noopener\">Service de police de la Ville de Qu\u00e9bec<\/a><\/li>\n\n\n\n<li><a href=\"https:\/\/spvm.qc.ca\" data-type=\"URL\" data-id=\"https:\/\/spvm.qc.ca\/en\" target=\"_blank\" rel=\"noreferrer noopener\">Service de police de la Ville de Montr\u00e9al<\/a><\/li>\n\n\n\n<li><a style=\"color: rgb(255, 231, 0);\" rel=\"noreferrer noopener\" href=\"https:\/\/www.longueuil.quebec\/fr\/services%2Fservice-de-police-de-lagglomeration-de-longueuil\" data-type=\"URL\" data-id=\"https:\/\/www.longueuil.quebec\/fr\/services%2Fservice-de-police-de-lagglomeration-de-longueuil\" target=\"_blank\">Service de police de l\u2019agglom\u00e9ration de Longueuil<\/a> <\/li>\n\n\n\n<li><a style=\"color: rgb(255, 231, 0);\" href=\"https:\/\/www.sq.gouv.qc.ca\" data-type=\"URL\" data-id=\"https:\/\/www.sq.gouv.qc.ca\" target=\"_blank\" rel=\"noreferrer noopener\">S\u00fbret\u00e9 du Qu\u00e9bec<\/a><\/li>\n\n\n\n<li><a style=\"color: rgb(255, 231, 0);\" rel=\"noreferrer noopener\" href=\"https:\/\/sunyouth.org\/fr\/\" data-type=\"URL\" data-id=\"https:\/\/sunyouth.org\/fr\/\" target=\"_blank\">Jeunesse au Soleil<\/a><\/li>\n\n\n\n<li><a href=\"https:\/\/www.ottawapolice.ca\/fr\/index.aspx\" data-type=\"URL\" data-id=\"https:\/\/www.ottawapolice.ca\/fr\/index.aspx \" target=\"_blank\" rel=\"noreferrer noopener\">Service de police d&rsquo;Ottawa<\/a><\/li>\n\n\n\n<li><a style=\"color: rgb(255, 231, 0);\" href=\"https:\/\/crimestoppers.ca\">National Capital Area Crime Stoppers<\/a><\/li>\n\n\n\n<li><a href=\"https:\/\/www.tps.ca\/\" data-type=\"URL\" data-id=\"http:\/\/www.torontopolice.on.ca\/\" target=\"_blank\" rel=\"noreferrer noopener\">Toronto Police Service<\/a><\/li>\n\n\n\n<li><a style=\"color: rgb(255, 231, 0);\" rel=\"noreferrer noopener\" href=\"https:\/\/www.222tips.com\/\" data-type=\"URL\" data-id=\"https:\/\/www.222tips.com\/\" target=\"_blank\">Toronto Crime Stoppers<\/a><\/li>\n\n\n\n<li><a style=\"color: rgb(255, 231, 0);\" href=\"https:\/\/www.yrp.ca\" data-type=\"URL\" data-id=\"https:\/\/www.yrp.ca\" target=\"_blank\" rel=\"noreferrer noopener\">York Regional Police<\/a><\/li>\n\n\n\n<li><a style=\"color: rgb(255, 231, 0);\" href=\"https:\/\/www.peelpolice.ca\/\">Peel Regional Police<\/a><\/li>\n\n\n\n<li><a style=\"color: rgb(255, 231, 0);\" rel=\"noreferrer noopener\" href=\"https:\/\/hamiltonpolice.on.ca \" data-type=\"URL\" data-id=\"https:\/\/hamiltonpolice.on.ca \" target=\"_blank\">Hamilton Police Service<\/a><\/li>\n\n\n\n<li><a style=\"color: rgb(255, 231, 0);\" href=\"https:\/\/crimestoppersguelphwellington.com\" data-type=\"URL\" data-id=\"https:\/\/crimestoppersguelphwellington.com\" target=\"_blank\" rel=\"noreferrer noopener\">Crime Stoppers Guelph Wellington<\/a><\/li>\n\n\n\n<li><a style=\"color: rgb(255, 231, 0);\" href=\"https:\/\/www.wrps.on.ca\">Waterloo Regional Police Service<\/a><\/li>\n\n\n\n<li><a data-type=\"link\" data-id=\"https:\/\/www.gsps.ca\/en\/index.aspx\" href=\"https:\/\/www.gsps.ca\/en\/index.aspx\">Service de police du Grand Sudbury<\/a><\/li>\n\n\n\n<li><a style=\"color: rgb(255, 231, 0);\" rel=\"noreferrer noopener\" href=\"https:\/\/windsorpolice.ca\/\" data-type=\"URL\" data-id=\"https:\/\/windsorpolice.ca\/\" target=\"_blank\">Windsor Police Service<\/a><\/li>\n\n\n\n<li><a style=\"color: rgb(255, 231, 0);\" rel=\"noreferrer noopener\" href=\"http:\/\/www.catchcrooks.com\/\" data-type=\"URL\" data-id=\"http:\/\/www.catchcrooks.com\/\" target=\"_blank\">Windsor &amp; Essex County Crime Stoppers<\/a> <\/li>\n\n\n\n<li><a style=\"color: rgb(255, 231, 0);\" href=\"https:\/\/www.opp.ca\/index.php?lng=fr\" data-type=\"URL\" data-id=\"https:\/\/www.opp.ca\/index.php?lng=fr\" target=\"_blank\" rel=\"noreferrer noopener\">Police provinciale de l\u2019Ontario<\/a><\/li>\n\n\n\n<li><a style=\"color: rgb(255, 231, 0);\" href=\"https:\/\/www.winnipeg.ca\/police\">Winnipeg Police Service<\/a><\/li>\n\n\n\n<li><a style=\"color: rgb(255, 231, 0);\" href=\"https:\/\/reginapolice.ca\">Regina Police Service<\/a><\/li>\n\n\n\n<li><a style=\"color: rgb(255, 231, 0);\" href=\"https:\/\/www.reginacrimestoppers.ca\">Regina Crime Stoppers<\/a><\/li>\n\n\n\n<li><a style=\"color: rgb(255, 231, 0);\" rel=\"noreferrer noopener\" href=\"https:\/\/saskatoonpolice.ca\" data-type=\"URL\" data-id=\"https:\/\/saskatoonpolice.ca\" target=\"_blank\">Saskatoon Police Service<\/a><\/li>\n\n\n\n<li><a style=\"color: rgb(255, 231, 0);\" href=\"https:\/\/www.saskatooncrimestoppers.com\">Saskatoon Crime Stoppers<\/a><\/li>\n\n\n\n<li><a style=\"color: rgb(255, 231, 0);\" rel=\"noreferrer noopener\" href=\"https:\/\/www.calgary.ca\/cps.html\" data-type=\"URL\" data-id=\"https:\/\/www.calgary.ca\/cps.html\" target=\"_blank\">Calgary Police Service<\/a><\/li>\n\n\n\n<li><a style=\"color: rgb(255, 231, 0);\" rel=\"noreferrer noopener\" href=\"https:\/\/calgarycrimestoppers.org\/\" data-type=\"URL\" data-id=\"https:\/\/calgarycrimestoppers.org\/\" target=\"_blank\">Calgary Crime Stoppers Association<\/a><\/li>\n\n\n\n<li><a style=\"color: rgb(255, 231, 0);\" rel=\"noreferrer noopener\" href=\"https:\/\/www.edmontonpolice.ca\/\" data-type=\"URL\" data-id=\"https:\/\/www.edmontonpolice.ca\/\" target=\"_blank\">Edmonton Police Service<\/a><\/li>\n\n\n\n<li><a style=\"color: rgb(255, 231, 0);\" href=\"https:\/\/crimestoppers.ab.ca\/edmonton\/\" data-type=\"URL\" data-id=\"https:\/\/crimestoppers.ab.ca\/edmonton\/\" target=\"_blank\" rel=\"noreferrer noopener\">Crime Stoppers Association of Edmonton and Northern Alberta<\/a><\/li>\n\n\n\n<li><a href=\"https:\/\/www.deltapolice.ca\" data-type=\"link\" data-id=\"https:\/\/www.deltapolice.ca\">Delta Police Department<\/a><\/li>\n\n\n\n<li><a style=\"color: rgb(255, 231, 0);\" href=\"https:\/\/vpd.ca\" data-type=\"URL\" data-id=\"https:\/\/vpd.ca\" target=\"_blank\" rel=\"noreferrer noopener\">Vancouver Police Department<\/a><\/li>\n\n\n\n<li><a style=\"color: rgb(255, 231, 0);\" rel=\"noreferrer noopener\" href=\"https:\/\/www.solvecrime.ca\/\" data-type=\"URL\" data-id=\"https:\/\/www.solvecrime.ca\/\" target=\"_blank\">Metro Vancouver Crime Stoppers<\/a><\/li>\n\n\n\n<li><a style=\"color: rgb(255, 231, 0);\" rel=\"noreferrer noopener\" href=\"https:\/\/www.cfseu.bc.ca\" data-type=\"URL\" data-id=\"https:\/\/www.cfseu.bc.ca\" target=\"_blank\">Unit\u00e9 mixte d\u2019enqu\u00eate sur le crime organis\u00e9 \u2013 Colombie-Britannique<\/a><\/li>\n\n\n\n<li><a style=\"color: rgb(255, 231, 0);\" rel=\"noreferrer noopener\" href=\"https:\/\/bc-cb.rcmp-grc.gc.ca\/ViewPage.action?languageId=4&amp;siteNodeId=2142&amp;contentId=-1\" data-type=\"URL\" data-id=\"https:\/\/bc-cb.rcmp-grc.gc.ca\/ViewPage.action?languageId=4&amp;siteNodeId=2142&amp;contentId=-1\" target=\"_blank\">\u00c9quipe int\u00e9gr\u00e9e des enqu\u00eates sur les homicides<\/a><\/li>\n\n\n\n<li><a style=\"color: rgb(255, 231, 0);\" rel=\"noreferrer noopener\" href=\"https:\/\/bc-cb.rcmp-grc.gc.ca\/ViewPage.action?languageId=4&amp;siteNodeId=23&amp;contentId=10275\" data-type=\"URL\" data-id=\"https:\/\/bc-cb.rcmp-grc.gc.ca\/ViewPage.action?languageId=4&amp;siteNodeId=23&amp;contentId=10275\" target=\"_blank\">Gendarmerie royale du Canada &#8211; Groupe f\u00e9d\u00e9ral des crimes graves et du crime organis\u00e9, Colombie-Britannique<\/a><\/li>\n\n\n\n<li><a style=\"color: rgb(255, 231, 0);\" rel=\"noreferrer noopener\" href=\"https:\/\/bc-cb.rcmp-grc.gc.ca\/ViewPage.action?languageId=4&amp;siteNodeId=2094&amp;contentId=-1 \" data-type=\"URL\" data-id=\"https:\/\/bc-cb.rcmp-grc.gc.ca\/ViewPage.action?languageId=4&amp;siteNodeId=2094&amp;contentId=-1 \" target=\"_blank\">Gendarmerie royale du Canada \u2013 Division E<\/a><\/li>\n\n\n\n<li><a href=\"https:\/\/grc.ca\/fr\/yukon\/detachements\" data-type=\"URL\" data-id=\"https:\/\/www.rcmp-grc.gc.ca\/detach\/fr\/d\/695 \" target=\"_blank\" rel=\"noreferrer noopener\">Gendarmerie royale du Canada \u2013 Division M<\/a><\/li>\n\n\n\n<li><a style=\"color: rgb(255, 231, 0);\" rel=\"noreferrer noopener\" href=\"https:\/\/www.usmarshals.gov \" data-type=\"URL\" data-id=\"https:\/\/www.usmarshals.gov \" target=\"_blank\">United States Marshals Service<\/a><\/li>\n<\/ul>\n\n\n\n<h3 class=\"wp-block-heading\" id=\"h-a-propos-de-la-fondation-stephan-cretier\">\u00c0 propos de la Fondation St\u00e9phan Cr\u00e9tier<\/h3>\n\n\n\n<p>Le Programme Bolo est l\u2019activit\u00e9 principale de la Fondation St\u00e9phan Cr\u00e9tier, un organisme de bienfaisance lanc\u00e9 en 2006. St\u00e9phan Cr\u00e9tier est le fondateur, Pr\u00e9sident du conseil, Pr\u00e9sident et chef de la direction de la Corporation de s\u00e9curit\u00e9 GardaWorld. La Fondation appuie diff\u00e9rents organismes \u00e0 but non lucratif et a fait de nombreux dons depuis sa cr\u00e9ation.&nbsp;<a href=\"http:\/\/www.fondationcretier.org\/\" target=\"_blank\" rel=\"noreferrer noopener\">Plus d\u2019infos<\/a><\/p>\n","protected":false},"excerpt":{"rendered":"<p>Notre r\u00f4le Le Programme Bolo est une initiative sans pr\u00e9c\u00e9dent qui tire parti des r\u00e9seaux sociaux, de la technologie et de nouveaux types d\u2019engagement pour encourager les citoyens comme vous \u00e0 garder l\u2019\u0153il ouvert pour les suspects les plus recherch\u00e9s au Canada. L&rsquo;enjeu \u00c0 tout moment, des dizaines de milliers de mandats d\u2019arrestation sont en [&hellip;]<\/p>\n","protected":false},"author":1,"featured_media":0,"parent":0,"menu_order":0,"comment_status":"closed","ping_status":"closed","template":"page-narrow.php","meta":{"_acf_changed":false,"footnotes":""},"class_list":["post-240","page","type-page","status-publish","hentry"],"acf":[],"yoast_head":"<!-- This site is optimized with the Yoast SEO Premium plugin v26.1 (Yoast SEO v27.2) - https:\/\/yoast.com\/product\/yoast-seo-premium-wordpress\/ -->\n<title>Notre r\u00f4le - Programme Bolo<\/title>\n<meta name=\"robots\" content=\"index, follow, max-snippet:-1, max-image-preview:large, max-video-preview:-1\" \/>\n<link rel=\"canonical\" href=\"https:\/\/boloprogram.org\/fr\/notre-role\/\" \/>\n<meta property=\"og:locale\" content=\"fr_FR\" \/>\n<meta property=\"og:type\" content=\"article\" \/>\n<meta property=\"og:title\" content=\"Notre r\u00f4le\" \/>\n<meta property=\"og:description\" content=\"Notre r\u00f4le Le Programme Bolo est une initiative sans pr\u00e9c\u00e9dent qui tire parti des r\u00e9seaux sociaux, de la technologie et de nouveaux types d\u2019engagement pour encourager les citoyens comme vous \u00e0 garder l\u2019\u0153il ouvert pour les suspects les plus recherch\u00e9s au Canada. L&rsquo;enjeu \u00c0 tout moment, des dizaines de milliers de mandats d\u2019arrestation sont en [&hellip;]\" \/>\n<meta property=\"og:url\" content=\"https:\/\/boloprogram.org\/fr\/notre-role\/\" \/>\n<meta property=\"og:site_name\" content=\"Bolo Program\" \/>\n<meta property=\"article:publisher\" content=\"https:\/\/www.facebook.com\/Boloprogram\/\" \/>\n<meta property=\"article:modified_time\" content=\"2025-11-11T19:54:28+00:00\" \/>\n<meta name=\"twitter:card\" content=\"summary_large_image\" \/>\n<meta name=\"twitter:site\" content=\"@boloprogram\" \/>\n<meta name=\"twitter:label1\" content=\"Dur\u00e9e de lecture estim\u00e9e\" \/>\n\t<meta name=\"twitter:data1\" content=\"4 minutes\" \/>\n<script type=\"application\/ld+json\" class=\"yoast-schema-graph\">{\"@context\":\"https:\/\/schema.org\",\"@graph\":[{\"@type\":\"WebPage\",\"@id\":\"https:\/\/boloprogram.org\/fr\/notre-role\/\",\"url\":\"https:\/\/boloprogram.org\/fr\/notre-role\/\",\"name\":\"Notre r\u00f4le - Programme Bolo\",\"isPartOf\":{\"@id\":\"https:\/\/www.boloprogram.org\/#website\"},\"datePublished\":\"2019-11-18T04:06:45+00:00\",\"dateModified\":\"2025-11-11T19:54:28+00:00\",\"breadcrumb\":{\"@id\":\"https:\/\/boloprogram.org\/fr\/notre-role\/#breadcrumb\"},\"inLanguage\":\"fr-FR\",\"potentialAction\":[{\"@type\":\"ReadAction\",\"target\":[\"https:\/\/boloprogram.org\/fr\/notre-role\/\"]}]},{\"@type\":\"BreadcrumbList\",\"@id\":\"https:\/\/boloprogram.org\/fr\/notre-role\/#breadcrumb\",\"itemListElement\":[{\"@type\":\"ListItem\",\"position\":1,\"name\":\"Home\",\"item\":\"https:\/\/www.boloprogram.org\/fr\/\"},{\"@type\":\"ListItem\",\"position\":2,\"name\":\"Notre r\u00f4le\"}]},{\"@type\":\"WebSite\",\"@id\":\"https:\/\/www.boloprogram.org\/#website\",\"url\":\"https:\/\/www.boloprogram.org\/\",\"name\":\"Bolo Program\",\"description\":\"Finding Canada&#039;s Most Wanted\",\"publisher\":{\"@id\":\"https:\/\/www.boloprogram.org\/#organization\"},\"potentialAction\":[{\"@type\":\"SearchAction\",\"target\":{\"@type\":\"EntryPoint\",\"urlTemplate\":\"https:\/\/www.boloprogram.org\/?s={search_term_string}\"},\"query-input\":{\"@type\":\"PropertyValueSpecification\",\"valueRequired\":true,\"valueName\":\"search_term_string\"}}],\"inLanguage\":\"fr-FR\"},{\"@type\":\"Organization\",\"@id\":\"https:\/\/www.boloprogram.org\/#organization\",\"name\":\"Bolo Program\",\"url\":\"https:\/\/www.boloprogram.org\/\",\"logo\":{\"@type\":\"ImageObject\",\"inLanguage\":\"fr-FR\",\"@id\":\"https:\/\/www.boloprogram.org\/#\/schema\/logo\/image\/\",\"url\":\"https:\/\/www.boloprogram.org\/wp-content\/uploads\/2020\/05\/logo_fr.png\",\"contentUrl\":\"https:\/\/www.boloprogram.org\/wp-content\/uploads\/2020\/05\/logo_fr.png\",\"width\":627,\"height\":162,\"caption\":\"Bolo Program\"},\"image\":{\"@id\":\"https:\/\/www.boloprogram.org\/#\/schema\/logo\/image\/\"},\"sameAs\":[\"https:\/\/www.facebook.com\/Boloprogram\/\",\"https:\/\/x.com\/boloprogram\"]}]}<\/script>\n<!-- \/ Yoast SEO Premium plugin. -->","yoast_head_json":{"title":"Notre r\u00f4le - Programme Bolo","robots":{"index":"index","follow":"follow","max-snippet":"max-snippet:-1","max-image-preview":"max-image-preview:large","max-video-preview":"max-video-preview:-1"},"canonical":"https:\/\/boloprogram.org\/fr\/notre-role\/","og_locale":"fr_FR","og_type":"article","og_title":"Notre r\u00f4le","og_description":"Notre r\u00f4le Le Programme Bolo est une initiative sans pr\u00e9c\u00e9dent qui tire parti des r\u00e9seaux sociaux, de la technologie et de nouveaux types d\u2019engagement pour encourager les citoyens comme vous \u00e0 garder l\u2019\u0153il ouvert pour les suspects les plus recherch\u00e9s au Canada. L&rsquo;enjeu \u00c0 tout moment, des dizaines de milliers de mandats d\u2019arrestation sont en [&hellip;]","og_url":"https:\/\/boloprogram.org\/fr\/notre-role\/","og_site_name":"Bolo Program","article_publisher":"https:\/\/www.facebook.com\/Boloprogram\/","article_modified_time":"2025-11-11T19:54:28+00:00","twitter_card":"summary_large_image","twitter_site":"@boloprogram","twitter_misc":{"Dur\u00e9e de lecture estim\u00e9e":"4 minutes"},"schema":{"@context":"https:\/\/schema.org","@graph":[{"@type":"WebPage","@id":"https:\/\/boloprogram.org\/fr\/notre-role\/","url":"https:\/\/boloprogram.org\/fr\/notre-role\/","name":"Notre r\u00f4le - Programme Bolo","isPartOf":{"@id":"https:\/\/www.boloprogram.org\/#website"},"datePublished":"2019-11-18T04:06:45+00:00","dateModified":"2025-11-11T19:54:28+00:00","breadcrumb":{"@id":"https:\/\/boloprogram.org\/fr\/notre-role\/#breadcrumb"},"inLanguage":"fr-FR","potentialAction":[{"@type":"ReadAction","target":["https:\/\/boloprogram.org\/fr\/notre-role\/"]}]},{"@type":"BreadcrumbList","@id":"https:\/\/boloprogram.org\/fr\/notre-role\/#breadcrumb","itemListElement":[{"@type":"ListItem","position":1,"name":"Home","item":"https:\/\/www.boloprogram.org\/fr\/"},{"@type":"ListItem","position":2,"name":"Notre r\u00f4le"}]},{"@type":"WebSite","@id":"https:\/\/www.boloprogram.org\/#website","url":"https:\/\/www.boloprogram.org\/","name":"Bolo Program","description":"Finding Canada&#039;s Most Wanted","publisher":{"@id":"https:\/\/www.boloprogram.org\/#organization"},"potentialAction":[{"@type":"SearchAction","target":{"@type":"EntryPoint","urlTemplate":"https:\/\/www.boloprogram.org\/?s={search_term_string}"},"query-input":{"@type":"PropertyValueSpecification","valueRequired":true,"valueName":"search_term_string"}}],"inLanguage":"fr-FR"},{"@type":"Organization","@id":"https:\/\/www.boloprogram.org\/#organization","name":"Bolo Program","url":"https:\/\/www.boloprogram.org\/","logo":{"@type":"ImageObject","inLanguage":"fr-FR","@id":"https:\/\/www.boloprogram.org\/#\/schema\/logo\/image\/","url":"https:\/\/www.boloprogram.org\/wp-content\/uploads\/2020\/05\/logo_fr.png","contentUrl":"https:\/\/www.boloprogram.org\/wp-content\/uploads\/2020\/05\/logo_fr.png","width":627,"height":162,"caption":"Bolo Program"},"image":{"@id":"https:\/\/www.boloprogram.org\/#\/schema\/logo\/image\/"},"sameAs":["https:\/\/www.facebook.com\/Boloprogram\/","https:\/\/x.com\/boloprogram"]}]}},"_links":{"self":[{"href":"https:\/\/boloprogram.org\/fr\/wp-json\/wp\/v2\/pages\/240","targetHints":{"allow":["GET"]}}],"collection":[{"href":"https:\/\/boloprogram.org\/fr\/wp-json\/wp\/v2\/pages"}],"about":[{"href":"https:\/\/boloprogram.org\/fr\/wp-json\/wp\/v2\/types\/page"}],"author":[{"embeddable":true,"href":"https:\/\/boloprogram.org\/fr\/wp-json\/wp\/v2\/users\/1"}],"replies":[{"embeddable":true,"href":"https:\/\/boloprogram.org\/fr\/wp-json\/wp\/v2\/comments?post=240"}],"version-history":[{"count":80,"href":"https:\/\/boloprogram.org\/fr\/wp-json\/wp\/v2\/pages\/240\/revisions"}],"predecessor-version":[{"id":8692,"href":"https:\/\/boloprogram.org\/fr\/wp-json\/wp\/v2\/pages\/240\/revisions\/8692"}],"wp:attachment":[{"href":"https:\/\/boloprogram.org\/fr\/wp-json\/wp\/v2\/media?parent=240"}],"curies":[{"name":"wp","href":"https:\/\/api.w.org\/{rel}","templated":true}]}}